{"id":1478,"date":"2023-03-14T11:10:18","date_gmt":"2023-03-14T10:10:18","guid":{"rendered":"https:\/\/chateau-climens.com\/mentions-legales\/"},"modified":"2025-10-17T14:51:45","modified_gmt":"2025-10-17T12:51:45","slug":"mentions-legales","status":"publish","type":"page","link":"https:\/\/chateau-climens.com\/en\/mentions-legales\/","title":{"rendered":"Mentions l\u00e9gales"},"content":{"rendered":"<div class=\"wpb-content-wrapper\"><p>[vc_row css_animation=&#8221;&#8221; row_type=&#8221;row&#8221; use_row_as_full_screen_section=&#8221;no&#8221; type=&#8221;full_width&#8221; angled_section=&#8221;no&#8221; text_align=&#8221;left&#8221; background_image_as_pattern=&#8221;without_pattern&#8221; el_class=&#8221;page_simple&#8221; z_index=&#8221;&#8221;][vc_column][vc_column_text css=&#8221;&#8221;]SOC FERMIERE CHATEAU CLIMENS (CHATEAU CLIMENS 1ER CRU CLASSE)<br \/>\nSIRET : 38803393800019<br \/>\n33720 Barsac<br \/>\nT\u00e9l : <a href=\"tel:+33556271533\">05 56 27 15 33<\/a><\/p>\n<p>CHATEAU CLIMENS se r\u00e9serve le droit de modifier les informations et le contenu du site \u00e0 tout instant. Il vous est donc conseill\u00e9 de consulter r\u00e9guli\u00e8rement la derni\u00e8re version en vigueur.<\/p>\n<p>On entend par contenu du pr\u00e9sent site la structure g\u00e9n\u00e9rale, les textes, les images anim\u00e9es ou non, et les sons dont le site est compos\u00e9. Toute repr\u00e9sentation totale ou partielle de ce site et de son contenu, par quelques proc\u00e9d\u00e9s que ce soient, sans autorisation pr\u00e9alable \u00e9crite de<br \/>\nCHATEAU CLIMENS, est interdite et constituerait une contrefa\u00e7on sanctionn\u00e9e par les articles L. 335-2 et suivants du Code de la propri\u00e9t\u00e9 intellectuelle.<\/p>\n<p>Du seul fait de sa connexion au site, l\u2019utilisateur reconna\u00eet accepter du CHATEAU CLIMENS, une licence d\u2019usage du contenu du site strictement limit\u00e9e aux conditions imp\u00e9ratives suivantes :<\/p>\n<p>La pr\u00e9sente licence, accord\u00e9e \u00e0 titre non exclusif, n\u2019est pas transmissible \u00e0 un tiers.<br \/>\nLe droit d\u2019usage conf\u00e9r\u00e9 \u00e0 l\u2019utilisateur est personnel et priv\u00e9, ce qui signifie que toute reproduction du contenu du site sur un quelconque support pour un usage collectif ou professionnel, m\u00eame en interne dans l\u2019entreprise, est prohib\u00e9e. Il en est de m\u00eame pour toute communication de ce contenu par voie \u00e9lectronique, m\u00eame diffus\u00e9 en intranet ou en extranet d\u2019entreprise.<br \/>\nCet usage comprend seulement l\u2019autorisation de reproduire pour stockage aux fins de repr\u00e9sentation sur \u00e9cran monoposte et de reproduction en un exemplaire, pour copie de sauvegarde et tirage papier.<br \/>\nTout autre usage est soumis \u00e0 l\u2019autorisation expresse pr\u00e9alable du CHATEAU CLIMENS.<br \/>\nLa violation de ces dispositions soumet le contrevenant et toutes personnes responsables aux peines p\u00e9nales et civiles pr\u00e9vues par la loi fran\u00e7aise.<\/p>\n<p>Les utilisateurs du site CHATEAU CLIMENS, sont tenus de respecter les dispositions de la loi informatique, fichiers et libert\u00e9s, dont la violation est passible de sanctions p\u00e9nales. Ils doivent notamment s\u2019abstenir, s\u2019agissant des informations nominatives auxquelles ils acc\u00e8dent, de toute collecte, de toute utilisation d\u00e9tourn\u00e9e, et d\u2019une mani\u00e8re g\u00e9n\u00e9rale, de tout acte susceptible de porter atteinte \u00e0 la vie priv\u00e9e ou \u00e0 la r\u00e9putation des personnes.<\/p>\n<p>Conform\u00e9ment \u00e0 l\u2019article 34 de la Loi \u00ab Informatique et Libert\u00e9s \u00bb n\u00b0 78-17 du 6 janvier 1978, vous disposez d\u2019un droit d\u2019acc\u00e8s, de modification, de rectification et de suppression des donn\u00e9es qui vous concernent. Vous pouvez l\u2019exercer en adressant un courrier \u00e0 notre si\u00e8ge social.<\/p>\n<p>L\u2019h\u00e9bergement du site est assur\u00e9 par <a href=\"https:\/\/offensive.digital\">Offensive<\/a> sur un serveur d\u00e9di\u00e9 de l&#8217;agence h\u00e9berg\u00e9 en France chez O2Switch[\/vc_column_text][\/vc_column][\/vc_row]<\/p>\n<\/div>","protected":false},"excerpt":{"rendered":"<p>[vc_row css_animation=&#8221;&#8221; row_type=&#8221;row&#8221; use_row_as_full_screen_section=&#8221;no&#8221; type=&#8221;full_width&#8221; angled_section=&#8221;no&#8221; text_align=&#8221;left&#8221; background_image_as_pattern=&#8221;without_pattern&#8221; el_class=&#8221;page_simple&#8221; z_index=&#8221;&#8221;][vc_column][vc_column_text css=&#8221;&#8221;]SOC FERMIERE CHATEAU&#8230;<\/p>\n","protected":false},"author":1,"featured_media":0,"parent":0,"menu_order":0,"comment_status":"closed","ping_status":"closed","template":"full_width.php","meta":{"_acf_changed":false,"footnotes":""},"class_list":["post-1478","page","type-page","status-publish","hentry"],"acf":[],"yoast_head":"<!-- This site is optimized with the Yoast SEO plugin v26.9 - https:\/\/yoast.com\/product\/yoast-seo-wordpress\/ -->\n<title>Mentions l\u00e9gales - Ch\u00e2teau Climens<\/title>\n<meta name=\"robots\" content=\"noindex, follow\" \/>\n<meta property=\"og:locale\" content=\"en_US\" \/>\n<meta property=\"og:type\" content=\"article\" \/>\n<meta property=\"og:title\" content=\"Mentions l\u00e9gales - Ch\u00e2teau Climens\" \/>\n<meta property=\"og:description\" content=\"[vc_row css_animation=&#8221;&#8221; row_type=&#8221;row&#8221; use_row_as_full_screen_section=&#8221;no&#8221; type=&#8221;full_width&#8221; angled_section=&#8221;no&#8221; text_align=&#8221;left&#8221; background_image_as_pattern=&#8221;without_pattern&#8221; el_class=&#8221;page_simple&#8221; z_index=&#8221;&#8221;][vc_column][vc_column_text css=&#8221;&#8221;]SOC FERMIERE CHATEAU...\" \/>\n<meta property=\"og:url\" content=\"https:\/\/chateau-climens.com\/en\/mentions-legales\/\" \/>\n<meta property=\"og:site_name\" content=\"Ch\u00e2teau Climens\" \/>\n<meta property=\"article:publisher\" content=\"https:\/\/www.facebook.com\/chateauclimens\/?locale=fr_FR\" \/>\n<meta property=\"article:modified_time\" content=\"2025-10-17T12:51:45+00:00\" \/>\n<meta name=\"twitter:card\" content=\"summary_large_image\" \/>\n<meta name=\"twitter:label1\" content=\"Est. reading time\" \/>\n\t<meta name=\"twitter:data1\" content=\"3 minutes\" \/>\n<script type=\"application\/ld+json\" class=\"yoast-schema-graph\">{\"@context\":\"https:\/\/schema.org\",\"@graph\":[{\"@type\":\"WebPage\",\"@id\":\"https:\/\/chateau-climens.com\/en\/mentions-legales\/\",\"url\":\"https:\/\/chateau-climens.com\/en\/mentions-legales\/\",\"name\":\"Mentions l\u00e9gales - Ch\u00e2teau Climens\",\"isPartOf\":{\"@id\":\"https:\/\/chateau-climens.com\/#website\"},\"datePublished\":\"2023-03-14T10:10:18+00:00\",\"dateModified\":\"2025-10-17T12:51:45+00:00\",\"breadcrumb\":{\"@id\":\"https:\/\/chateau-climens.com\/en\/mentions-legales\/#breadcrumb\"},\"inLanguage\":\"en-US\",\"potentialAction\":[{\"@type\":\"ReadAction\",\"target\":[\"https:\/\/chateau-climens.com\/en\/mentions-legales\/\"]}]},{\"@type\":\"BreadcrumbList\",\"@id\":\"https:\/\/chateau-climens.com\/en\/mentions-legales\/#breadcrumb\",\"itemListElement\":[{\"@type\":\"ListItem\",\"position\":1,\"name\":\"Home\",\"item\":\"https:\/\/chateau-climens.com\/en\/\"},{\"@type\":\"ListItem\",\"position\":2,\"name\":\"Mentions l\u00e9gales\"}]},{\"@type\":\"WebSite\",\"@id\":\"https:\/\/chateau-climens.com\/#website\",\"url\":\"https:\/\/chateau-climens.com\/\",\"name\":\"Ch\u00e2teau Climens\",\"description\":\"\",\"publisher\":{\"@id\":\"https:\/\/chateau-climens.com\/#organization\"},\"potentialAction\":[{\"@type\":\"SearchAction\",\"target\":{\"@type\":\"EntryPoint\",\"urlTemplate\":\"https:\/\/chateau-climens.com\/?s={search_term_string}\"},\"query-input\":{\"@type\":\"PropertyValueSpecification\",\"valueRequired\":true,\"valueName\":\"search_term_string\"}}],\"inLanguage\":\"en-US\"},{\"@type\":\"Organization\",\"@id\":\"https:\/\/chateau-climens.com\/#organization\",\"name\":\"Ch\u00e2teau Climens\",\"url\":\"https:\/\/chateau-climens.com\/\",\"logo\":{\"@type\":\"ImageObject\",\"inLanguage\":\"en-US\",\"@id\":\"https:\/\/chateau-climens.com\/#\/schema\/logo\/image\/\",\"url\":\"https:\/\/chateau-climens.com\/wp-content\/uploads\/2023\/04\/logo.png\",\"contentUrl\":\"https:\/\/chateau-climens.com\/wp-content\/uploads\/2023\/04\/logo.png\",\"width\":195,\"height\":30,\"caption\":\"Ch\u00e2teau Climens\"},\"image\":{\"@id\":\"https:\/\/chateau-climens.com\/#\/schema\/logo\/image\/\"},\"sameAs\":[\"https:\/\/www.facebook.com\/chateauclimens\/?locale=fr_FR\",\"https:\/\/www.linkedin.com\/company\/chateau-climens\",\"https:\/\/www.instagram.com\/chateauclimens\/?hl=fr\"]}]}<\/script>\n<!-- \/ Yoast SEO plugin. -->","yoast_head_json":{"title":"Mentions l\u00e9gales - Ch\u00e2teau Climens","robots":{"index":"noindex","follow":"follow"},"og_locale":"en_US","og_type":"article","og_title":"Mentions l\u00e9gales - Ch\u00e2teau Climens","og_description":"[vc_row css_animation=&#8221;&#8221; row_type=&#8221;row&#8221; use_row_as_full_screen_section=&#8221;no&#8221; type=&#8221;full_width&#8221; angled_section=&#8221;no&#8221; text_align=&#8221;left&#8221; background_image_as_pattern=&#8221;without_pattern&#8221; el_class=&#8221;page_simple&#8221; z_index=&#8221;&#8221;][vc_column][vc_column_text css=&#8221;&#8221;]SOC FERMIERE CHATEAU...","og_url":"https:\/\/chateau-climens.com\/en\/mentions-legales\/","og_site_name":"Ch\u00e2teau Climens","article_publisher":"https:\/\/www.facebook.com\/chateauclimens\/?locale=fr_FR","article_modified_time":"2025-10-17T12:51:45+00:00","twitter_card":"summary_large_image","twitter_misc":{"Est. reading time":"3 minutes"},"schema":{"@context":"https:\/\/schema.org","@graph":[{"@type":"WebPage","@id":"https:\/\/chateau-climens.com\/en\/mentions-legales\/","url":"https:\/\/chateau-climens.com\/en\/mentions-legales\/","name":"Mentions l\u00e9gales - Ch\u00e2teau Climens","isPartOf":{"@id":"https:\/\/chateau-climens.com\/#website"},"datePublished":"2023-03-14T10:10:18+00:00","dateModified":"2025-10-17T12:51:45+00:00","breadcrumb":{"@id":"https:\/\/chateau-climens.com\/en\/mentions-legales\/#breadcrumb"},"inLanguage":"en-US","potentialAction":[{"@type":"ReadAction","target":["https:\/\/chateau-climens.com\/en\/mentions-legales\/"]}]},{"@type":"BreadcrumbList","@id":"https:\/\/chateau-climens.com\/en\/mentions-legales\/#breadcrumb","itemListElement":[{"@type":"ListItem","position":1,"name":"Home","item":"https:\/\/chateau-climens.com\/en\/"},{"@type":"ListItem","position":2,"name":"Mentions l\u00e9gales"}]},{"@type":"WebSite","@id":"https:\/\/chateau-climens.com\/#website","url":"https:\/\/chateau-climens.com\/","name":"Ch\u00e2teau Climens","description":"","publisher":{"@id":"https:\/\/chateau-climens.com\/#organization"},"potentialAction":[{"@type":"SearchAction","target":{"@type":"EntryPoint","urlTemplate":"https:\/\/chateau-climens.com\/?s={search_term_string}"},"query-input":{"@type":"PropertyValueSpecification","valueRequired":true,"valueName":"search_term_string"}}],"inLanguage":"en-US"},{"@type":"Organization","@id":"https:\/\/chateau-climens.com\/#organization","name":"Ch\u00e2teau Climens","url":"https:\/\/chateau-climens.com\/","logo":{"@type":"ImageObject","inLanguage":"en-US","@id":"https:\/\/chateau-climens.com\/#\/schema\/logo\/image\/","url":"https:\/\/chateau-climens.com\/wp-content\/uploads\/2023\/04\/logo.png","contentUrl":"https:\/\/chateau-climens.com\/wp-content\/uploads\/2023\/04\/logo.png","width":195,"height":30,"caption":"Ch\u00e2teau Climens"},"image":{"@id":"https:\/\/chateau-climens.com\/#\/schema\/logo\/image\/"},"sameAs":["https:\/\/www.facebook.com\/chateauclimens\/?locale=fr_FR","https:\/\/www.linkedin.com\/company\/chateau-climens","https:\/\/www.instagram.com\/chateauclimens\/?hl=fr"]}]}},"_links":{"self":[{"href":"https:\/\/chateau-climens.com\/en\/wp-json\/wp\/v2\/pages\/1478","targetHints":{"allow":["GET"]}}],"collection":[{"href":"https:\/\/chateau-climens.com\/en\/wp-json\/wp\/v2\/pages"}],"about":[{"href":"https:\/\/chateau-climens.com\/en\/wp-json\/wp\/v2\/types\/page"}],"author":[{"embeddable":true,"href":"https:\/\/chateau-climens.com\/en\/wp-json\/wp\/v2\/users\/1"}],"replies":[{"embeddable":true,"href":"https:\/\/chateau-climens.com\/en\/wp-json\/wp\/v2\/comments?post=1478"}],"version-history":[{"count":1,"href":"https:\/\/chateau-climens.com\/en\/wp-json\/wp\/v2\/pages\/1478\/revisions"}],"predecessor-version":[{"id":2622,"href":"https:\/\/chateau-climens.com\/en\/wp-json\/wp\/v2\/pages\/1478\/revisions\/2622"}],"wp:attachment":[{"href":"https:\/\/chateau-climens.com\/en\/wp-json\/wp\/v2\/media?parent=1478"}],"curies":[{"name":"wp","href":"https:\/\/api.w.org\/{rel}","templated":true}]}}