{"id":1551,"date":"2023-10-03T12:40:15","date_gmt":"2023-10-03T10:40:15","guid":{"rendered":"https:\/\/chateau-climens.com\/?page_id=1551"},"modified":"2024-11-15T15:02:39","modified_gmt":"2024-11-15T14:02:39","slug":"petite-lily","status":"publish","type":"page","link":"https:\/\/chateau-climens.com\/en\/unique-wines\/petite-lily\/","title":{"rendered":"Petite Lily"},"content":{"rendered":"<div class=\"wpb-content-wrapper\"><p>[vc_row css_animation=&#8221;&#8221; row_type=&#8221;row&#8221; use_row_as_full_screen_section=&#8221;no&#8221; type=&#8221;full_width&#8221; angled_section=&#8221;no&#8221; text_align=&#8221;left&#8221; background_image_as_pattern=&#8221;without_pattern&#8221; el_class=&#8221;padding_content title_vin&#8221; z_index=&#8221;&#8221;][vc_column width=&#8221;1\/4&#8243;][vc_single_image image=&#8221;2419&#8243; img_size=&#8221;full&#8221; qode_css_animation=&#8221;&#8221;][\/vc_column][vc_column width=&#8221;3\/4&#8243;][vc_column_text el_class=&#8221;fil-ariane&#8221;]<span><span><a href=\"https:\/\/chateau-climens.com\/en\/\">Home<\/a><\/span><\/span>[\/vc_column_text][vc_column_text]<\/p>\n<h1>Petite Lily<\/h1>\n<p>Benefiting from the same attention as its predecessors, the Petite Lily cuv\u00e9e is an admirable addition to the range of dry white wines produced by Ch\u00e2teau Climens.<br \/>\nOnce again, it is the expression of the magnificent limestone terroir of Haut Barsac and the finesse of the S\u00e9millon grape variety, with the same determination to produce a Demeter labelled wine that is accessible in every way and easy to drink when young. A fine introduction to the world of Ch\u00e2teau Climens in its &#8220;dry white wine&#8221; version.<br \/>\n[\/vc_column_text]<a  itemprop=\"url\" href=\"https:\/\/chateau-climens.com\/en\/categorie-produit\/petite-lily\/\" target=\"_self\"  class=\"qbutton  default btn-boutique\" style=\"\">ACHETER<\/a>[\/vc_column][\/vc_row][vc_row css_animation=&#8221;&#8221; row_type=&#8221;row&#8221; use_row_as_full_screen_section=&#8221;no&#8221; type=&#8221;full_width&#8221; angled_section=&#8221;no&#8221; text_align=&#8221;left&#8221; background_image_as_pattern=&#8221;without_pattern&#8221; el_class=&#8221;bg_blue img_text_content&#8221; z_index=&#8221;&#8221;][vc_column width=&#8221;1\/2&#8243;][vc_single_image image=&#8221;2000&#8243; img_size=&#8221;full&#8221; qode_css_animation=&#8221;&#8221;][\/vc_column][vc_column width=&#8221;1\/2&#8243;][vc_column_text]<\/p>\n<h2><span class=\"font-title\">TECHNICAL INFORMATION<br \/>\n<\/span><\/h2>\n<p><strong>Appellation :<\/strong> Bordeaux Blanc Sec<br \/>\n<strong>Grape variety :<\/strong> 100% Semillon<br \/>\n<strong>Geology :<\/strong> Ferruginous clayey sand on cracked asteriated limestone bedrock<\/p>\n<hr \/>\n<p><strong>Average age of vines :<\/strong> 15 years<br \/>\n<strong>Planting density :<\/strong> 6 600 vines\/ha<br \/>\n<strong>Vineyard management :<\/strong> The entire vineyard has been biodynamic since 2010 (Demeter certification)<br \/>\n<strong>Vinification :<\/strong> After cold settling in stainless steel vats, fermentation with indigenous yeasts at low temperature.<br \/>\n<strong>Ageing :<\/strong> on fine lees in stainless steel vats for 8 months[\/vc_column_text][\/vc_column][\/vc_row][vc_row css_animation=&#8221;&#8221; row_type=&#8221;row&#8221; use_row_as_full_screen_section=&#8221;no&#8221; type=&#8221;full_width&#8221; angled_section=&#8221;no&#8221; text_align=&#8221;center&#8221; background_image_as_pattern=&#8221;without_pattern&#8221; z_index=&#8221;&#8221; el_class=&#8221;title_content&#8221; padding_top=&#8221;30&#8243; padding_bottom=&#8221;30&#8243;][vc_column][vc_row_inner row_type=&#8221;row&#8221; type=&#8221;full_width&#8221; text_align=&#8221;center&#8221; css_animation=&#8221;&#8221;][vc_column_inner width=&#8221;1\/4&#8243;][vc_single_image image=&#8221;1992&#8243; img_size=&#8221;full&#8221; alignment=&#8221;center&#8221; qode_css_animation=&#8221;&#8221;][vc_column_text]<\/p>\n<h3>Ch\u00e2teau Climens<\/h3>\n<p><a class=\"qbutton\" href=\"https:\/\/chateau-climens.com\/en\/unique-wines\/chateau-climens\/\">Discover<\/a>[\/vc_column_text][\/vc_column_inner][vc_column_inner width=&#8221;1\/4&#8243;][vc_single_image image=&#8221;2422&#8243; img_size=&#8221;full&#8221; alignment=&#8221;center&#8221; qode_css_animation=&#8221;&#8221;][vc_column_text]<\/p>\n<h3>Lilium<\/h3>\n<p><a class=\"qbutton\" href=\"https:\/\/chateau-climens.com\/en\/unique-wines\/lilium\/\">Discover<\/a>[\/vc_column_text][\/vc_column_inner][vc_column_inner width=&#8221;1\/4&#8243;][vc_single_image image=&#8221;1984&#8243; img_size=&#8221;full&#8221; alignment=&#8221;center&#8221; qode_css_animation=&#8221;&#8221;][vc_column_text]<\/p>\n<h3>Asphod\u00e8le<\/h3>\n<p><a class=\"qbutton\" href=\"https:\/\/chateau-climens.com\/en\/unique-wines\/asphodele\/\">Discover<\/a>[\/vc_column_text][\/vc_column_inner][vc_column_inner width=&#8221;1\/4&#8243;][vc_single_image image=&#8221;1986&#8243; img_size=&#8221;full&#8221; alignment=&#8221;center&#8221; qode_css_animation=&#8221;&#8221;][vc_column_text]<\/p>\n<h3>Fenouil et Camomille<\/h3>\n<p><a class=\"qbutton\" href=\"https:\/\/chateau-climens.com\/en\/unique-wines\/fenouil-et-camomille\/\">Discover<\/a>[\/vc_column_text][\/vc_column_inner][\/vc_row_inner][\/vc_column][\/vc_row]<\/p>\n<\/div>","protected":false},"excerpt":{"rendered":"<p>[vc_row css_animation=&#8221;&#8221; row_type=&#8221;row&#8221; use_row_as_full_screen_section=&#8221;no&#8221; type=&#8221;full_width&#8221; angled_section=&#8221;no&#8221; text_align=&#8221;left&#8221; background_image_as_pattern=&#8221;without_pattern&#8221; el_class=&#8221;padding_content title_vin&#8221; z_index=&#8221;&#8221;][vc_column width=&#8221;1\/4&#8243;][vc_single_image image=&#8221;2419&#8243;&#8230;<\/p>\n","protected":false},"author":1,"featured_media":2001,"parent":1423,"menu_order":0,"comment_status":"closed","ping_status":"closed","template":"full_width.php","meta":{"_acf_changed":false,"footnotes":""},"class_list":["post-1551","page","type-page","status-publish","has-post-thumbnail","hentry"],"acf":[],"yoast_head":"<!-- This site is optimized with the Yoast SEO plugin v26.9 - https:\/\/yoast.com\/product\/yoast-seo-wordpress\/ -->\n<title>Petite Lily - Ch\u00e2teau Climens<\/title>\n<meta name=\"description\" content=\"la cuv\u00e9e Petite Lily compl\u00e8te admirablement la gamme des vins Bordeaux blancs secs de Ch\u00e2teau Climens.\" \/>\n<meta name=\"robots\" content=\"index, follow, max-snippet:-1, max-image-preview:large, max-video-preview:-1\" \/>\n<link rel=\"canonical\" href=\"https:\/\/chateau-climens.com\/en\/unique-wines\/petite-lily\/\" \/>\n<meta property=\"og:locale\" content=\"en_US\" \/>\n<meta property=\"og:type\" content=\"article\" \/>\n<meta property=\"og:title\" content=\"Petite Lily - Ch\u00e2teau Climens\" \/>\n<meta property=\"og:description\" content=\"la cuv\u00e9e Petite Lily compl\u00e8te admirablement la gamme des vins Bordeaux blancs secs de Ch\u00e2teau Climens.\" \/>\n<meta property=\"og:url\" content=\"https:\/\/chateau-climens.com\/en\/unique-wines\/petite-lily\/\" \/>\n<meta property=\"og:site_name\" content=\"Ch\u00e2teau Climens\" \/>\n<meta property=\"article:publisher\" content=\"https:\/\/www.facebook.com\/chateauclimens\/?locale=fr_FR\" \/>\n<meta property=\"article:modified_time\" content=\"2024-11-15T14:02:39+00:00\" \/>\n<meta property=\"og:image\" content=\"https:\/\/chateau-climens.com\/wp-content\/uploads\/2024\/02\/Petite-Lily_Etiquette.jpg\" \/>\n\t<meta property=\"og:image:width\" content=\"1500\" \/>\n\t<meta property=\"og:image:height\" content=\"1432\" \/>\n\t<meta property=\"og:image:type\" content=\"image\/jpeg\" \/>\n<meta name=\"twitter:card\" content=\"summary_large_image\" \/>\n<meta name=\"twitter:label1\" content=\"Est. reading time\" \/>\n\t<meta name=\"twitter:data1\" content=\"3 minutes\" \/>\n<script type=\"application\/ld+json\" class=\"yoast-schema-graph\">{\"@context\":\"https:\/\/schema.org\",\"@graph\":[{\"@type\":\"WebPage\",\"@id\":\"https:\/\/chateau-climens.com\/en\/unique-wines\/petite-lily\/\",\"url\":\"https:\/\/chateau-climens.com\/en\/unique-wines\/petite-lily\/\",\"name\":\"Petite Lily - Ch\u00e2teau Climens\",\"isPartOf\":{\"@id\":\"https:\/\/chateau-climens.com\/#website\"},\"primaryImageOfPage\":{\"@id\":\"https:\/\/chateau-climens.com\/en\/unique-wines\/petite-lily\/#primaryimage\"},\"image\":{\"@id\":\"https:\/\/chateau-climens.com\/en\/unique-wines\/petite-lily\/#primaryimage\"},\"thumbnailUrl\":\"https:\/\/chateau-climens.com\/wp-content\/uploads\/2024\/02\/Petite-Lily_Etiquette.jpg\",\"datePublished\":\"2023-10-03T10:40:15+00:00\",\"dateModified\":\"2024-11-15T14:02:39+00:00\",\"description\":\"la cuv\u00e9e Petite Lily compl\u00e8te admirablement la gamme des vins Bordeaux blancs secs de Ch\u00e2teau Climens.\",\"breadcrumb\":{\"@id\":\"https:\/\/chateau-climens.com\/en\/unique-wines\/petite-lily\/#breadcrumb\"},\"inLanguage\":\"en-US\",\"potentialAction\":[{\"@type\":\"ReadAction\",\"target\":[\"https:\/\/chateau-climens.com\/en\/unique-wines\/petite-lily\/\"]}]},{\"@type\":\"ImageObject\",\"inLanguage\":\"en-US\",\"@id\":\"https:\/\/chateau-climens.com\/en\/unique-wines\/petite-lily\/#primaryimage\",\"url\":\"https:\/\/chateau-climens.com\/wp-content\/uploads\/2024\/02\/Petite-Lily_Etiquette.jpg\",\"contentUrl\":\"https:\/\/chateau-climens.com\/wp-content\/uploads\/2024\/02\/Petite-Lily_Etiquette.jpg\",\"width\":1500,\"height\":1432},{\"@type\":\"BreadcrumbList\",\"@id\":\"https:\/\/chateau-climens.com\/en\/unique-wines\/petite-lily\/#breadcrumb\",\"itemListElement\":[{\"@type\":\"ListItem\",\"position\":1,\"name\":\"Home\",\"item\":\"https:\/\/chateau-climens.com\/en\/\"},{\"@type\":\"ListItem\",\"position\":2,\"name\":\"Unique wines\",\"item\":\"https:\/\/chateau-climens.com\/en\/unique-wines\/\"},{\"@type\":\"ListItem\",\"position\":3,\"name\":\"Petite Lily\"}]},{\"@type\":\"WebSite\",\"@id\":\"https:\/\/chateau-climens.com\/#website\",\"url\":\"https:\/\/chateau-climens.com\/\",\"name\":\"Ch\u00e2teau Climens\",\"description\":\"\",\"publisher\":{\"@id\":\"https:\/\/chateau-climens.com\/#organization\"},\"potentialAction\":[{\"@type\":\"SearchAction\",\"target\":{\"@type\":\"EntryPoint\",\"urlTemplate\":\"https:\/\/chateau-climens.com\/?s={search_term_string}\"},\"query-input\":{\"@type\":\"PropertyValueSpecification\",\"valueRequired\":true,\"valueName\":\"search_term_string\"}}],\"inLanguage\":\"en-US\"},{\"@type\":\"Organization\",\"@id\":\"https:\/\/chateau-climens.com\/#organization\",\"name\":\"Ch\u00e2teau Climens\",\"url\":\"https:\/\/chateau-climens.com\/\",\"logo\":{\"@type\":\"ImageObject\",\"inLanguage\":\"en-US\",\"@id\":\"https:\/\/chateau-climens.com\/#\/schema\/logo\/image\/\",\"url\":\"https:\/\/chateau-climens.com\/wp-content\/uploads\/2023\/04\/logo.png\",\"contentUrl\":\"https:\/\/chateau-climens.com\/wp-content\/uploads\/2023\/04\/logo.png\",\"width\":195,\"height\":30,\"caption\":\"Ch\u00e2teau Climens\"},\"image\":{\"@id\":\"https:\/\/chateau-climens.com\/#\/schema\/logo\/image\/\"},\"sameAs\":[\"https:\/\/www.facebook.com\/chateauclimens\/?locale=fr_FR\",\"https:\/\/www.linkedin.com\/company\/chateau-climens\",\"https:\/\/www.instagram.com\/chateauclimens\/?hl=fr\"]}]}<\/script>\n<!-- \/ Yoast SEO plugin. -->","yoast_head_json":{"title":"Petite Lily - Ch\u00e2teau Climens","description":"la cuv\u00e9e Petite Lily compl\u00e8te admirablement la gamme des vins Bordeaux blancs secs de Ch\u00e2teau Climens.","robots":{"index":"index","follow":"follow","max-snippet":"max-snippet:-1","max-image-preview":"max-image-preview:large","max-video-preview":"max-video-preview:-1"},"canonical":"https:\/\/chateau-climens.com\/en\/unique-wines\/petite-lily\/","og_locale":"en_US","og_type":"article","og_title":"Petite Lily - Ch\u00e2teau Climens","og_description":"la cuv\u00e9e Petite Lily compl\u00e8te admirablement la gamme des vins Bordeaux blancs secs de Ch\u00e2teau Climens.","og_url":"https:\/\/chateau-climens.com\/en\/unique-wines\/petite-lily\/","og_site_name":"Ch\u00e2teau Climens","article_publisher":"https:\/\/www.facebook.com\/chateauclimens\/?locale=fr_FR","article_modified_time":"2024-11-15T14:02:39+00:00","og_image":[{"width":1500,"height":1432,"url":"https:\/\/chateau-climens.com\/wp-content\/uploads\/2024\/02\/Petite-Lily_Etiquette.jpg","type":"image\/jpeg"}],"twitter_card":"summary_large_image","twitter_misc":{"Est. reading time":"3 minutes"},"schema":{"@context":"https:\/\/schema.org","@graph":[{"@type":"WebPage","@id":"https:\/\/chateau-climens.com\/en\/unique-wines\/petite-lily\/","url":"https:\/\/chateau-climens.com\/en\/unique-wines\/petite-lily\/","name":"Petite Lily - Ch\u00e2teau Climens","isPartOf":{"@id":"https:\/\/chateau-climens.com\/#website"},"primaryImageOfPage":{"@id":"https:\/\/chateau-climens.com\/en\/unique-wines\/petite-lily\/#primaryimage"},"image":{"@id":"https:\/\/chateau-climens.com\/en\/unique-wines\/petite-lily\/#primaryimage"},"thumbnailUrl":"https:\/\/chateau-climens.com\/wp-content\/uploads\/2024\/02\/Petite-Lily_Etiquette.jpg","datePublished":"2023-10-03T10:40:15+00:00","dateModified":"2024-11-15T14:02:39+00:00","description":"la cuv\u00e9e Petite Lily compl\u00e8te admirablement la gamme des vins Bordeaux blancs secs de Ch\u00e2teau Climens.","breadcrumb":{"@id":"https:\/\/chateau-climens.com\/en\/unique-wines\/petite-lily\/#breadcrumb"},"inLanguage":"en-US","potentialAction":[{"@type":"ReadAction","target":["https:\/\/chateau-climens.com\/en\/unique-wines\/petite-lily\/"]}]},{"@type":"ImageObject","inLanguage":"en-US","@id":"https:\/\/chateau-climens.com\/en\/unique-wines\/petite-lily\/#primaryimage","url":"https:\/\/chateau-climens.com\/wp-content\/uploads\/2024\/02\/Petite-Lily_Etiquette.jpg","contentUrl":"https:\/\/chateau-climens.com\/wp-content\/uploads\/2024\/02\/Petite-Lily_Etiquette.jpg","width":1500,"height":1432},{"@type":"BreadcrumbList","@id":"https:\/\/chateau-climens.com\/en\/unique-wines\/petite-lily\/#breadcrumb","itemListElement":[{"@type":"ListItem","position":1,"name":"Home","item":"https:\/\/chateau-climens.com\/en\/"},{"@type":"ListItem","position":2,"name":"Unique wines","item":"https:\/\/chateau-climens.com\/en\/unique-wines\/"},{"@type":"ListItem","position":3,"name":"Petite Lily"}]},{"@type":"WebSite","@id":"https:\/\/chateau-climens.com\/#website","url":"https:\/\/chateau-climens.com\/","name":"Ch\u00e2teau Climens","description":"","publisher":{"@id":"https:\/\/chateau-climens.com\/#organization"},"potentialAction":[{"@type":"SearchAction","target":{"@type":"EntryPoint","urlTemplate":"https:\/\/chateau-climens.com\/?s={search_term_string}"},"query-input":{"@type":"PropertyValueSpecification","valueRequired":true,"valueName":"search_term_string"}}],"inLanguage":"en-US"},{"@type":"Organization","@id":"https:\/\/chateau-climens.com\/#organization","name":"Ch\u00e2teau Climens","url":"https:\/\/chateau-climens.com\/","logo":{"@type":"ImageObject","inLanguage":"en-US","@id":"https:\/\/chateau-climens.com\/#\/schema\/logo\/image\/","url":"https:\/\/chateau-climens.com\/wp-content\/uploads\/2023\/04\/logo.png","contentUrl":"https:\/\/chateau-climens.com\/wp-content\/uploads\/2023\/04\/logo.png","width":195,"height":30,"caption":"Ch\u00e2teau Climens"},"image":{"@id":"https:\/\/chateau-climens.com\/#\/schema\/logo\/image\/"},"sameAs":["https:\/\/www.facebook.com\/chateauclimens\/?locale=fr_FR","https:\/\/www.linkedin.com\/company\/chateau-climens","https:\/\/www.instagram.com\/chateauclimens\/?hl=fr"]}]}},"_links":{"self":[{"href":"https:\/\/chateau-climens.com\/en\/wp-json\/wp\/v2\/pages\/1551","targetHints":{"allow":["GET"]}}],"collection":[{"href":"https:\/\/chateau-climens.com\/en\/wp-json\/wp\/v2\/pages"}],"about":[{"href":"https:\/\/chateau-climens.com\/en\/wp-json\/wp\/v2\/types\/page"}],"author":[{"embeddable":true,"href":"https:\/\/chateau-climens.com\/en\/wp-json\/wp\/v2\/users\/1"}],"replies":[{"embeddable":true,"href":"https:\/\/chateau-climens.com\/en\/wp-json\/wp\/v2\/comments?post=1551"}],"version-history":[{"count":0,"href":"https:\/\/chateau-climens.com\/en\/wp-json\/wp\/v2\/pages\/1551\/revisions"}],"up":[{"embeddable":true,"href":"https:\/\/chateau-climens.com\/en\/wp-json\/wp\/v2\/pages\/1423"}],"wp:featuredmedia":[{"embeddable":true,"href":"https:\/\/chateau-climens.com\/en\/wp-json\/wp\/v2\/media\/2001"}],"wp:attachment":[{"href":"https:\/\/chateau-climens.com\/en\/wp-json\/wp\/v2\/media?parent=1551"}],"curies":[{"name":"wp","href":"https:\/\/api.w.org\/{rel}","templated":true}]}}