{"id":2069,"date":"2024-02-28T18:58:59","date_gmt":"2024-02-28T17:58:59","guid":{"rendered":"https:\/\/chateau-climens.com\/?post_type=product&#038;p=2069"},"modified":"2025-02-17T10:20:59","modified_gmt":"2025-02-17T09:20:59","slug":"chateau-climens-2005-demi-bouteille","status":"publish","type":"product","link":"https:\/\/chateau-climens.com\/en\/produit\/chateau-climens-2005-demi-bouteille\/","title":{"rendered":"Ch\u00e2teau Climens 2005 &#8211; 37,5cl"},"content":{"rendered":"<p>Les mois de mai \u00e0 ao\u00fbt seront chauds et exceptionnellement secs : on se souviendra longtemps de l\u2019\u00e9t\u00e9 2005 qui fut celui de la s\u00e9cheresse. L\u2019exceptionnelle capacit\u00e9 de r\u00e9gulation hydrique du terroir de Climens ont permis d\u2019\u00e9viter les ph\u00e9nom\u00e8nes li\u00e9s \u00e0 la s\u00e9cheresse. Une s\u00e9rie d\u2019averses \u00e0 la mi-septembre sert alors de d\u00e9clencheur au d\u00e9veloppement esp\u00e9r\u00e9 de la pourriture noble : les vendanges d\u00e9butent le 26 septembre. L\u2019ensemble de la r\u00e9colte, tr\u00e8s g\u00e9n\u00e9reuse, est bien \u00e9quilibr\u00e9 et le pH bas, gage de fra\u00eecheur, augure un tr\u00e8s bel avenir.<\/p>\n","protected":false},"excerpt":{"rendered":"<p>Les mois de mai \u00e0 ao\u00fbt seront chauds et exceptionnellement secs : on&#8230;<\/p>\n","protected":false},"featured_media":1344,"template":"","meta":{"_acf_changed":false},"product_brand":[],"product_cat":[50],"product_tag":[],"class_list":{"0":"post-2069","1":"product","2":"type-product","3":"status-publish","4":"has-post-thumbnail","6":"product_cat-chateau-climens","7":"pa_contenance-375-cl-en","8":"pa_contenance-75-cl-en","9":"format-37-5cl","10":"millesime-82","12":"first","13":"instock","14":"taxable","15":"shipping-taxable","16":"purchasable","17":"product-type-simple"},"acf":[],"yoast_head":"<!-- This site is optimized with the Yoast SEO plugin v26.9 - https:\/\/yoast.com\/product\/yoast-seo-wordpress\/ -->\n<title>Acheter Ch\u00e2teau Climens 2005 en demi-bouteille - Ch\u00e2teau Climens<\/title>\n<meta name=\"description\" content=\"Acheter Ch\u00e2teau Climens 2005 en demi-bouteille en direct dans la Boutique en ligne. Premier Cru Class\u00e9 Barsac Sauternes\" \/>\n<meta name=\"robots\" content=\"index, follow, max-snippet:-1, max-image-preview:large, max-video-preview:-1\" \/>\n<link rel=\"canonical\" href=\"https:\/\/chateau-climens.com\/produit\/chateau-climens-2005-demi-bouteille\/\" \/>\n<meta property=\"og:locale\" content=\"en_US\" \/>\n<meta property=\"og:type\" content=\"article\" \/>\n<meta property=\"og:title\" content=\"Acheter Ch\u00e2teau Climens 2005 en demi-bouteille - Ch\u00e2teau Climens\" \/>\n<meta property=\"og:description\" content=\"Acheter Ch\u00e2teau Climens 2005 en demi-bouteille en direct dans la Boutique en ligne. Premier Cru Class\u00e9 Barsac Sauternes\" \/>\n<meta property=\"og:url\" content=\"https:\/\/chateau-climens.com\/produit\/chateau-climens-2005-demi-bouteille\/\" \/>\n<meta property=\"og:site_name\" content=\"Ch\u00e2teau Climens\" \/>\n<meta property=\"article:publisher\" content=\"https:\/\/www.facebook.com\/chateauclimens\/?locale=fr_FR\" \/>\n<meta property=\"article:modified_time\" content=\"2025-02-17T09:20:59+00:00\" \/>\n<meta property=\"og:image\" content=\"https:\/\/chateau-climens.com\/wp-content\/uploads\/2023\/03\/chateau-climens-bouteille-sauternes-barsac-1.png\" \/>\n\t<meta property=\"og:image:width\" content=\"302\" \/>\n\t<meta property=\"og:image:height\" content=\"1000\" \/>\n\t<meta property=\"og:image:type\" content=\"image\/png\" \/>\n<meta name=\"twitter:card\" content=\"summary_large_image\" \/>\n<meta name=\"twitter:label1\" content=\"Est. reading time\" \/>\n\t<meta name=\"twitter:data1\" content=\"1 minute\" \/>\n<script type=\"application\/ld+json\" class=\"yoast-schema-graph\">{\"@context\":\"https:\/\/schema.org\",\"@graph\":[{\"@type\":\"WebPage\",\"@id\":\"https:\/\/chateau-climens.com\/produit\/chateau-climens-2005-demi-bouteille\/\",\"url\":\"https:\/\/chateau-climens.com\/produit\/chateau-climens-2005-demi-bouteille\/\",\"name\":\"Acheter Ch\u00e2teau Climens 2005 en demi-bouteille - Ch\u00e2teau Climens\",\"isPartOf\":{\"@id\":\"https:\/\/chateau-climens.com\/#website\"},\"primaryImageOfPage\":{\"@id\":\"https:\/\/chateau-climens.com\/produit\/chateau-climens-2005-demi-bouteille\/#primaryimage\"},\"image\":{\"@id\":\"https:\/\/chateau-climens.com\/produit\/chateau-climens-2005-demi-bouteille\/#primaryimage\"},\"thumbnailUrl\":\"https:\/\/chateau-climens.com\/wp-content\/uploads\/2023\/03\/chateau-climens-bouteille-sauternes-barsac-1.png\",\"datePublished\":\"2024-02-28T17:58:59+00:00\",\"dateModified\":\"2025-02-17T09:20:59+00:00\",\"description\":\"Acheter Ch\u00e2teau Climens 2005 en demi-bouteille en direct dans la Boutique en ligne. Premier Cru Class\u00e9 Barsac Sauternes\",\"breadcrumb\":{\"@id\":\"https:\/\/chateau-climens.com\/produit\/chateau-climens-2005-demi-bouteille\/#breadcrumb\"},\"inLanguage\":\"en-US\",\"potentialAction\":[{\"@type\":\"ReadAction\",\"target\":[\"https:\/\/chateau-climens.com\/produit\/chateau-climens-2005-demi-bouteille\/\"]}]},{\"@type\":\"ImageObject\",\"inLanguage\":\"en-US\",\"@id\":\"https:\/\/chateau-climens.com\/produit\/chateau-climens-2005-demi-bouteille\/#primaryimage\",\"url\":\"https:\/\/chateau-climens.com\/wp-content\/uploads\/2023\/03\/chateau-climens-bouteille-sauternes-barsac-1.png\",\"contentUrl\":\"https:\/\/chateau-climens.com\/wp-content\/uploads\/2023\/03\/chateau-climens-bouteille-sauternes-barsac-1.png\",\"width\":302,\"height\":1000},{\"@type\":\"BreadcrumbList\",\"@id\":\"https:\/\/chateau-climens.com\/produit\/chateau-climens-2005-demi-bouteille\/#breadcrumb\",\"itemListElement\":[{\"@type\":\"ListItem\",\"position\":1,\"name\":\"Home\",\"item\":\"https:\/\/chateau-climens.com\/en\/\"},{\"@type\":\"ListItem\",\"position\":2,\"name\":\"Shop\",\"item\":\"https:\/\/chateau-climens.com\/en\/shop\/\"},{\"@type\":\"ListItem\",\"position\":3,\"name\":\"Ch\u00e2teau Climens 2005 &#8211; 37,5cl\"}]},{\"@type\":\"WebSite\",\"@id\":\"https:\/\/chateau-climens.com\/#website\",\"url\":\"https:\/\/chateau-climens.com\/\",\"name\":\"Ch\u00e2teau Climens\",\"description\":\"\",\"publisher\":{\"@id\":\"https:\/\/chateau-climens.com\/#organization\"},\"potentialAction\":[{\"@type\":\"SearchAction\",\"target\":{\"@type\":\"EntryPoint\",\"urlTemplate\":\"https:\/\/chateau-climens.com\/?s={search_term_string}\"},\"query-input\":{\"@type\":\"PropertyValueSpecification\",\"valueRequired\":true,\"valueName\":\"search_term_string\"}}],\"inLanguage\":\"en-US\"},{\"@type\":\"Organization\",\"@id\":\"https:\/\/chateau-climens.com\/#organization\",\"name\":\"Ch\u00e2teau Climens\",\"url\":\"https:\/\/chateau-climens.com\/\",\"logo\":{\"@type\":\"ImageObject\",\"inLanguage\":\"en-US\",\"@id\":\"https:\/\/chateau-climens.com\/#\/schema\/logo\/image\/\",\"url\":\"https:\/\/chateau-climens.com\/wp-content\/uploads\/2023\/04\/logo.png\",\"contentUrl\":\"https:\/\/chateau-climens.com\/wp-content\/uploads\/2023\/04\/logo.png\",\"width\":195,\"height\":30,\"caption\":\"Ch\u00e2teau Climens\"},\"image\":{\"@id\":\"https:\/\/chateau-climens.com\/#\/schema\/logo\/image\/\"},\"sameAs\":[\"https:\/\/www.facebook.com\/chateauclimens\/?locale=fr_FR\",\"https:\/\/www.linkedin.com\/company\/chateau-climens\",\"https:\/\/www.instagram.com\/chateauclimens\/?hl=fr\"]}]}<\/script>\n<!-- \/ Yoast SEO plugin. -->","yoast_head_json":{"title":"Acheter Ch\u00e2teau Climens 2005 en demi-bouteille - Ch\u00e2teau Climens","description":"Acheter Ch\u00e2teau Climens 2005 en demi-bouteille en direct dans la Boutique en ligne. Premier Cru Class\u00e9 Barsac Sauternes","robots":{"index":"index","follow":"follow","max-snippet":"max-snippet:-1","max-image-preview":"max-image-preview:large","max-video-preview":"max-video-preview:-1"},"canonical":"https:\/\/chateau-climens.com\/produit\/chateau-climens-2005-demi-bouteille\/","og_locale":"en_US","og_type":"article","og_title":"Acheter Ch\u00e2teau Climens 2005 en demi-bouteille - Ch\u00e2teau Climens","og_description":"Acheter Ch\u00e2teau Climens 2005 en demi-bouteille en direct dans la Boutique en ligne. Premier Cru Class\u00e9 Barsac Sauternes","og_url":"https:\/\/chateau-climens.com\/produit\/chateau-climens-2005-demi-bouteille\/","og_site_name":"Ch\u00e2teau Climens","article_publisher":"https:\/\/www.facebook.com\/chateauclimens\/?locale=fr_FR","article_modified_time":"2025-02-17T09:20:59+00:00","og_image":[{"width":302,"height":1000,"url":"https:\/\/chateau-climens.com\/wp-content\/uploads\/2023\/03\/chateau-climens-bouteille-sauternes-barsac-1.png","type":"image\/png"}],"twitter_card":"summary_large_image","twitter_misc":{"Est. reading time":"1 minute"},"schema":{"@context":"https:\/\/schema.org","@graph":[{"@type":"WebPage","@id":"https:\/\/chateau-climens.com\/produit\/chateau-climens-2005-demi-bouteille\/","url":"https:\/\/chateau-climens.com\/produit\/chateau-climens-2005-demi-bouteille\/","name":"Acheter Ch\u00e2teau Climens 2005 en demi-bouteille - Ch\u00e2teau Climens","isPartOf":{"@id":"https:\/\/chateau-climens.com\/#website"},"primaryImageOfPage":{"@id":"https:\/\/chateau-climens.com\/produit\/chateau-climens-2005-demi-bouteille\/#primaryimage"},"image":{"@id":"https:\/\/chateau-climens.com\/produit\/chateau-climens-2005-demi-bouteille\/#primaryimage"},"thumbnailUrl":"https:\/\/chateau-climens.com\/wp-content\/uploads\/2023\/03\/chateau-climens-bouteille-sauternes-barsac-1.png","datePublished":"2024-02-28T17:58:59+00:00","dateModified":"2025-02-17T09:20:59+00:00","description":"Acheter Ch\u00e2teau Climens 2005 en demi-bouteille en direct dans la Boutique en ligne. Premier Cru Class\u00e9 Barsac Sauternes","breadcrumb":{"@id":"https:\/\/chateau-climens.com\/produit\/chateau-climens-2005-demi-bouteille\/#breadcrumb"},"inLanguage":"en-US","potentialAction":[{"@type":"ReadAction","target":["https:\/\/chateau-climens.com\/produit\/chateau-climens-2005-demi-bouteille\/"]}]},{"@type":"ImageObject","inLanguage":"en-US","@id":"https:\/\/chateau-climens.com\/produit\/chateau-climens-2005-demi-bouteille\/#primaryimage","url":"https:\/\/chateau-climens.com\/wp-content\/uploads\/2023\/03\/chateau-climens-bouteille-sauternes-barsac-1.png","contentUrl":"https:\/\/chateau-climens.com\/wp-content\/uploads\/2023\/03\/chateau-climens-bouteille-sauternes-barsac-1.png","width":302,"height":1000},{"@type":"BreadcrumbList","@id":"https:\/\/chateau-climens.com\/produit\/chateau-climens-2005-demi-bouteille\/#breadcrumb","itemListElement":[{"@type":"ListItem","position":1,"name":"Home","item":"https:\/\/chateau-climens.com\/en\/"},{"@type":"ListItem","position":2,"name":"Shop","item":"https:\/\/chateau-climens.com\/en\/shop\/"},{"@type":"ListItem","position":3,"name":"Ch\u00e2teau Climens 2005 &#8211; 37,5cl"}]},{"@type":"WebSite","@id":"https:\/\/chateau-climens.com\/#website","url":"https:\/\/chateau-climens.com\/","name":"Ch\u00e2teau Climens","description":"","publisher":{"@id":"https:\/\/chateau-climens.com\/#organization"},"potentialAction":[{"@type":"SearchAction","target":{"@type":"EntryPoint","urlTemplate":"https:\/\/chateau-climens.com\/?s={search_term_string}"},"query-input":{"@type":"PropertyValueSpecification","valueRequired":true,"valueName":"search_term_string"}}],"inLanguage":"en-US"},{"@type":"Organization","@id":"https:\/\/chateau-climens.com\/#organization","name":"Ch\u00e2teau Climens","url":"https:\/\/chateau-climens.com\/","logo":{"@type":"ImageObject","inLanguage":"en-US","@id":"https:\/\/chateau-climens.com\/#\/schema\/logo\/image\/","url":"https:\/\/chateau-climens.com\/wp-content\/uploads\/2023\/04\/logo.png","contentUrl":"https:\/\/chateau-climens.com\/wp-content\/uploads\/2023\/04\/logo.png","width":195,"height":30,"caption":"Ch\u00e2teau Climens"},"image":{"@id":"https:\/\/chateau-climens.com\/#\/schema\/logo\/image\/"},"sameAs":["https:\/\/www.facebook.com\/chateauclimens\/?locale=fr_FR","https:\/\/www.linkedin.com\/company\/chateau-climens","https:\/\/www.instagram.com\/chateauclimens\/?hl=fr"]}]}},"_links":{"self":[{"href":"https:\/\/chateau-climens.com\/en\/wp-json\/wp\/v2\/product\/2069","targetHints":{"allow":["GET"]}}],"collection":[{"href":"https:\/\/chateau-climens.com\/en\/wp-json\/wp\/v2\/product"}],"about":[{"href":"https:\/\/chateau-climens.com\/en\/wp-json\/wp\/v2\/types\/product"}],"wp:featuredmedia":[{"embeddable":true,"href":"https:\/\/chateau-climens.com\/en\/wp-json\/wp\/v2\/media\/1344"}],"wp:attachment":[{"href":"https:\/\/chateau-climens.com\/en\/wp-json\/wp\/v2\/media?parent=2069"}],"wp:term":[{"taxonomy":"product_brand","embeddable":true,"href":"https:\/\/chateau-climens.com\/en\/wp-json\/wp\/v2\/product_brand?post=2069"},{"taxonomy":"product_cat","embeddable":true,"href":"https:\/\/chateau-climens.com\/en\/wp-json\/wp\/v2\/product_cat?post=2069"},{"taxonomy":"product_tag","embeddable":true,"href":"https:\/\/chateau-climens.com\/en\/wp-json\/wp\/v2\/product_tag?post=2069"}],"curies":[{"name":"wp","href":"https:\/\/api.w.org\/{rel}","templated":true}]}}